{"id":1338,"date":"2025-07-15T11:29:56","date_gmt":"2025-07-15T14:29:56","guid":{"rendered":"https:\/\/eventos.abcm.org.br\/evr2026\/?page_id=1338"},"modified":"2025-07-15T11:56:51","modified_gmt":"2025-07-15T14:56:51","slug":"politica-de-privacidade","status":"publish","type":"page","link":"https:\/\/eventos.abcm.org.br\/evr2026\/politica-de-privacidade\/","title":{"rendered":"Pol\u00edtica de Privacidade"},"content":{"rendered":"\n    \n        <section class=\"banner-int \" style=\"background-image: url('https:\/\/eventos.abcm.org.br\/evr2026\/wp-content\/uploads\/2025\/06\/banner.jpg');\">\n            <div class=\"container-content\">\n                <h2>Pol\u00edtica de Privacidade<\/h2>\n                <h3>8\u00aa Escola de Ver\u00e3o de Refrigera\u00e7\u00e3o<\/h3>\n            <\/div>\n        <\/section>\n\n    \n\n\n\n    <section class=\"\">\n        <div class=\"container-content\">\n            <div class=\"block-text-title \">\n                <h2 class=\"title\"><\/h2>\n                <p>A Associa\u00e7\u00e3o Brasileira de Engenharia e Ci\u00eancias Mec\u00e2nicas, referida nessa Pol\u00edtica como \u201c<strong>ABCM<\/strong>\u201d, empenhada e sujeita \u00e0s disposi\u00e7\u00f5es da Lei Federal n. 13.709\/2018 (Lei Geral de Prote\u00e7\u00e3o de Dados Pessoais &#8211; LGPD) e demais normas aplic\u00e1veis, compreende a import\u00e2ncia de explicar de forma transparente nossos procedimentos de tratamento de dados, assim como esclarecer seus direitos como titular.<br \/>\r\n<br \/>\r\nEsta pol\u00edtica \u00e9 v\u00e1lida para todas as pessoas que interagem como usu\u00e1rios de nosso site.<br \/>\r\n<br \/>\r\n\u00c9 relevante destacar que alguns dados s\u00e3o essenciais para que possamos fornecer nossos servi\u00e7os. Portanto, se voc\u00ea optar por n\u00e3o os compartilhar, ter\u00e1 a alternativa de n\u00e3o utilizar o website.<br \/>\r\n<br \/>\r\nN\u00f3s coletamos e utilizamos alguns dados pessoais que pertencem aos usu\u00e1rios de nosso site. Ao faz\u00ea-lo, agimos na qualidade de <strong>Controlador<\/strong> de dados.<br \/>\r\n<br \/>\r\nPensando na privacidade e prote\u00e7\u00e3o dos dados pessoais de nossos usu\u00e1rios (associados e participantes de eventos), tornamos p\u00fablica esta Pol\u00edtica, que cont\u00e9m informa\u00e7\u00f5es importantes sobre:<br \/>\r\n<ul><br \/>\r\n \t<li>Quem deve utilizar nosso site;<\/li><br \/>\r\n \t<li>Quais dados coletamos e o que fazemos com eles;<\/li><br \/>\r\n \t<li>Seus direitos em rela\u00e7\u00e3o aos seus dados pessoais; e<\/li><br \/>\r\n \t<li>Como entrar em contato conosco.<\/li><br \/>\r\n<\/ul><br \/>\r\n<strong>1. Quem deve utilizar nosso site<\/strong><br \/>\r\n<br \/>\r\nO nosso site \u00e9 destinado principalmente a profissionais da ind\u00fastria e academia, pesquisadores, estudantes de p\u00f3s-gradua\u00e7\u00e3o e gradua\u00e7\u00e3o que atuam na \u00e1rea de engenharia e ci\u00eancias mec\u00e2nicas, mas tamb\u00e9m pode ser navegado para o p\u00fablico geral com interesse na \u00e1rea.<br \/>\r\n<br \/>\r\n&nbsp;<br \/>\r\n<br \/>\r\n<strong>2. Dados que coletamos e motivos da coleta<\/strong><br \/>\r\n<br \/>\r\nNosso site coleta e utiliza alguns dados pessoais de nossos usu\u00e1rios, de acordo com o disposto nesta se\u00e7\u00e3o.<br \/>\r\n<br \/>\r\nO usu\u00e1rio que se inscrever para participar de um evento cient\u00edfico promovido pela ABCM concorda que fotos e v\u00eddeos eventualmente capturados durante as atividades cient\u00edficas, culturais e sociais relacionadas ao evento podem ser utilizadas para fins de divulga\u00e7\u00e3o e promo\u00e7\u00e3o da Associa\u00e7\u00e3o, para prepara\u00e7\u00e3o de relat\u00f3rios e propostas, entre outros. Caso n\u00e3o concorde, o usu\u00e1rio deve manifestar-se por escrito atrav\u00e9s do e-mail <a href=\"mailto:privacidade@abcm.org.br\">privacidade@abcm.org.br<\/a><br \/>\r\n<br \/>\r\n&nbsp;<br \/>\r\n<br \/>\r\n<strong>3. Dados pessoais fornecidos expressamente pelo usu\u00e1rio<\/strong><br \/>\r\n<br \/>\r\nN\u00f3s coletamos os seguintes dados pessoais que nossos usu\u00e1rios nos fornecem expressamente ao utilizar nosso site:<br \/>\r\n<ul><br \/>\r\n \t<li>Nome, data de nascimento, g\u00eanero, etnia, CPF, e-mail, endere\u00e7o, foto, atua\u00e7\u00e3o profissional ou acad\u00eamica<\/li><br \/>\r\n<\/ul><br \/>\r\nA coleta desses dados ocorre nos seguintes momentos:<br \/>\r\n<ul><br \/>\r\n \t<li>Quando o usu\u00e1rio utiliza o formul\u00e1rio de contato (nome, e-mail e institui\u00e7\u00e3o apenas);<\/li><br \/>\r\n \t<li>Quando o usu\u00e1rio faz seu cadastro no site; e<\/li><br \/>\r\n \t<li>Quando o usu\u00e1rio realiza a inscri\u00e7\u00e3o em eventos<\/li><br \/>\r\n<\/ul><br \/>\r\nOs dados fornecidos por nossos usu\u00e1rios s\u00e3o coletados com as seguintes finalidades:<br \/>\r\n<ul><br \/>\r\n \t<li>Cadastro no site;<\/li><br \/>\r\n \t<li>Filia\u00e7\u00e3o na associa\u00e7\u00e3o;<\/li><br \/>\r\n \t<li>Inscri\u00e7\u00e3o em eventos;<\/li><br \/>\r\n \t<li>Publica\u00e7\u00e3o de artigo cient\u00edfico nos eventos da ABCM;<\/li><br \/>\r\n \t<li>Contato com a ABCM;<\/li><br \/>\r\n \t<li>Pol\u00edticas afirmativas para amplia\u00e7\u00e3o da representatividade das minorias.<\/li><br \/>\r\n<\/ul><br \/>\r\n&nbsp;<br \/>\r\n<br \/>\r\n<strong>4. Cookies<\/strong><br \/>\r\n<br \/>\r\nCookies s\u00e3o pequenos arquivos de texto baixados automaticamente em seu dispositivo quando voc\u00ea acessa e navega por um site. Eles servem, basicamente, para que seja poss\u00edvel identificar dispositivos, atividades e prefer\u00eancias de usu\u00e1rios.<br \/>\r\n<br \/>\r\nOs cookies n\u00e3o permitem que qualquer arquivo ou informa\u00e7\u00e3o sejam extra\u00eddos do disco r\u00edgido do usu\u00e1rio, n\u00e3o sendo poss\u00edvel, ainda, que, por meio deles, se tenha acesso a informa\u00e7\u00f5es pessoais que n\u00e3o tenham partido do usu\u00e1rio ou da forma como utiliza os recursos do site.<br \/>\r\n<br \/>\r\n<strong>a. Cookies do site<\/strong><br \/>\r\n<br \/>\r\nCookies necess\u00e1rios<br \/>\r\n<br \/>\r\nComo o pr\u00f3prio nome informa, s\u00e3o necess\u00e1rios para o estrito funcionamento das nossas plataformas. S\u00e3o aqueles enviados ao computador ou dispositivo do usu\u00e1rio e administrador exclusivamente pelo site. As informa\u00e7\u00f5es coletadas por meio destes cookies s\u00e3o utilizadas para melhorar e personalizar a experi\u00eancia do usu\u00e1rio, sendo que alguns cookies podem, por exemplo, ser utilizados para lembrar as prefer\u00eancias e escolhas do usu\u00e1rio, bem como para o oferecimento de conte\u00fado personalizado.<br \/>\r\n<br \/>\r\nCookies de terceiros<br \/>\r\n<br \/>\r\nS\u00e3o aqueles criados por outros sites e permitem a publicidade direcionada. O site que \u00e9 acessado pode incorporar conte\u00fado de outros, como imagens, an\u00fancios e texto para personalizar a experi\u00eancia. N\u00f3s utilizamos Analytics e Facebook.<br \/>\r\n<br \/>\r\n<strong>b. Gest\u00e3o de cookies<\/strong><br \/>\r\n<br \/>\r\nO usu\u00e1rio poder\u00e1 se opor \u00e0 utiliza\u00e7\u00e3o de cookies pelo site, bastando que os desative no momento em que come\u00e7a a utilizar o servi\u00e7o, seguindo as seguintes instru\u00e7\u00f5es:<br \/>\r\n<br \/>\r\nO site permite ao usu\u00e1rio que os cookies sejam desabilitados no popup assim que o site \u00e9 aberto. A desativa\u00e7\u00e3o de todos os cookies, no entanto, n\u00e3o ser\u00e1 poss\u00edvel, uma vez que alguns deles s\u00e3o essenciais para que o site funcione corretamente.<br \/>\r\n<br \/>\r\nAl\u00e9m disso, a desativa\u00e7\u00e3o dos cookies que podem ser desabilitados poder\u00e1 prejudicar a experi\u00eancia do usu\u00e1rio, uma vez que informa\u00e7\u00f5es utilizadas para personaliz\u00e1-la deixar\u00e3o de ser utilizadas.<br \/>\r\n<br \/>\r\n&nbsp;<br \/>\r\n<br \/>\r\n<strong>5. Coleta de dados n\u00e3o previstos expressamente<\/strong><br \/>\r\n<br \/>\r\nEventualmente, outros tipos de dados n\u00e3o previstos expressamente nesta Pol\u00edtica de Privacidade poder\u00e3o ser coletados, desde que sejam fornecidos com o consentimento do usu\u00e1rio, ou, ainda, que a coleta seja permitida com fundamento em outra base legal prevista em lei.<br \/>\r\n<br \/>\r\nEm qualquer caso, a coleta de dados e as atividades de tratamento dela decorrentes ser\u00e3o informadas aos usu\u00e1rios do site.<br \/>\r\n<br \/>\r\n&nbsp;<br \/>\r\n<br \/>\r\n<strong>6. Compartilhamento de dados pessoais com terceiros<\/strong><br \/>\r\n<br \/>\r\nN\u00f3s compartilhamos seus dados pessoais com terceiros que estejam diretamente relacionados ao fornecimento de nossos produtos e servi\u00e7os, tais como:<br \/>\r\n<ul><br \/>\r\n \t<li>Empresa hospedeira do site<\/li><br \/>\r\n \t<li>Comiss\u00e3o organizadora de eventos<\/li><br \/>\r\n \t<li>Empresas de suporte de organiza\u00e7\u00e3o de eventos<\/li><br \/>\r\n \t<li>Patrocinadores<\/li><br \/>\r\n<\/ul><br \/>\r\nAl\u00e9m disso, \u00e9 poss\u00edvel que o fa\u00e7amos para cumprir alguma determina\u00e7\u00e3o legal ou regulat\u00f3ria, ou, ainda, para cumprir alguma ordem expedida por autoridade p\u00fablica.<br \/>\r\n<br \/>\r\n&nbsp;<br \/>\r\n<br \/>\r\n<strong>7. Por quanto tempo seus dados pessoais ser\u00e3o armazenados<\/strong><br \/>\r\n<br \/>\r\nDe acordo com a legisla\u00e7\u00e3o vigente, a ABCM utiliza seus Dados Pessoais por quanto tempo for necess\u00e1rio para satisfazer as finalidades para as quais seus Dados Pessoais foram coletados.<br \/>\r\n<br \/>\r\nPodemos armazenar os seus dados pessoais para fins de auditoria, cumprimento de obriga\u00e7\u00f5es legais ou regulat\u00f3rias, para o exerc\u00edcio regular de direitos do ABCM ou tamb\u00e9m pelo prazo necess\u00e1rio de acordo com a base legal que justifique a reten\u00e7\u00e3o dos dados.<br \/>\r\n<br \/>\r\nQuando no t\u00e9rmino do tratamento de seus dados, estes ser\u00e3o eliminados no \u00e2mbito e nos limites t\u00e9cnicos das atividades, autorizada a conserva\u00e7\u00e3o nas situa\u00e7\u00f5es previstas na legisla\u00e7\u00e3o vigente.<br \/>\r\n<br \/>\r\n&nbsp;<br \/>\r\n<br \/>\r\n<strong>8. Bases legais para o tratamento de dados pessoais<\/strong><br \/>\r\n<br \/>\r\nCada opera\u00e7\u00e3o de tratamento de dados pessoais precisa ter um fundamento jur\u00eddico, ou seja, uma base legal, que nada mais \u00e9 que uma justificativa que a autorize, prevista na Lei Geral de Prote\u00e7\u00e3o de Dados Pessoais.<br \/>\r\n<br \/>\r\nTodas as nossas atividades de tratamento de dados pessoais possuem uma base legal que as fundamenta, dentre as permitidas pela legisla\u00e7\u00e3o. Mais informa\u00e7\u00f5es sobre as bases legais que utilizamos para opera\u00e7\u00f5es de tratamento de dados pessoais espec\u00edficas podem ser obtidas a partir de nossos canais de contato, informados ao final desta Pol\u00edtica.<br \/>\r\n<br \/>\r\n&nbsp;<br \/>\r\n<br \/>\r\n<strong>9. Direitos do usu\u00e1rio<\/strong><br \/>\r\n<br \/>\r\nO usu\u00e1rio do site possui os seguintes direitos, conferidos pela Lei de Prote\u00e7\u00e3o de Dados Pessoais:<br \/>\r\n<ul><br \/>\r\n \t<li>confirma\u00e7\u00e3o da exist\u00eancia de tratamento;<\/li><br \/>\r\n \t<li>acesso aos dados;<\/li><br \/>\r\n \t<li>corre\u00e7\u00e3o de dados incompletos, inexatos ou desatualizados;<\/li><br \/>\r\n \t<li>anonimiza\u00e7\u00e3o, bloqueio ou elimina\u00e7\u00e3o de dados desnecess\u00e1rios, excessivos ou tratados em desconformidade com o disposto na lei;<\/li><br \/>\r\n \t<li>portabilidade dos dados a outro fornecedor de servi\u00e7o ou produto, mediante requisi\u00e7\u00e3o expressa, de acordo com a regulamenta\u00e7\u00e3o da autoridade nacional, observados os segredos comercial e industrial;<\/li><br \/>\r\n \t<li>elimina\u00e7\u00e3o dos dados pessoais tratados com o consentimento do titular, exceto nos casos previstos em lei;<\/li><br \/>\r\n \t<li>informa\u00e7\u00e3o das entidades p\u00fablicas e privadas com as quais o controlador realizou uso compartilhado de dados;<\/li><br \/>\r\n \t<li>informa\u00e7\u00e3o sobre a possibilidade de n\u00e3o fornecer consentimento e sobre as consequ\u00eancias da negativa;<\/li><br \/>\r\n \t<li>revoga\u00e7\u00e3o do consentimento.<\/li><br \/>\r\n<\/ul><br \/>\r\n\u00c9 importante destacar que, nos termos da LGPD, n\u00e3o existe um direito de elimina\u00e7\u00e3o de dados tratados com fundamento em bases legais distintas do consentimento, a menos que os dados sejam desnecess\u00e1rios, excessivos ou tratados em desconformidade com o previsto na lei.<br \/>\r\n<br \/>\r\n<strong>a. Como o titular pode exercer seus direitos<\/strong><br \/>\r\n<br \/>\r\nO titular poder\u00e1 enviar um e-mail ou uma correspond\u00eancia ao nosso Encarregado de Prote\u00e7\u00e3o de Dados Pessoais, via correio eletr\u00f4nico privacidade@abcm.org.br. As informa\u00e7\u00f5es necess\u00e1rias para isso est\u00e3o na se\u00e7\u00e3o &#8220;Como entrar em contato conosco&#8221; desta Pol\u00edtica de Privacidade.<br \/>\r\n<br \/>\r\nPara garantir que o usu\u00e1rio que pretende exercer seus direitos \u00e9, de fato, o titular dos dados pessoais objeto da requisi\u00e7\u00e3o, poderemos solicitar documentos ou outras informa\u00e7\u00f5es que possam auxiliar em sua correta identifica\u00e7\u00e3o, a fim de resguardar nossos direitos e os direitos de terceiros. Isto somente ser\u00e1 feito, por\u00e9m, se for absolutamente necess\u00e1rio, e o requerente receber\u00e1 todas as informa\u00e7\u00f5es relacionadas.<br \/>\r\n<br \/>\r\n&nbsp;<br \/>\r\n<br \/>\r\n<strong>10. Medidas de seguran\u00e7a no tratamento de dados pessoais<\/strong><br \/>\r\n<br \/>\r\nEmpregamos medidas t\u00e9cnicas e organizativas aptas a proteger os dados pessoais de acessos n\u00e3o autorizados e de situa\u00e7\u00f5es de destrui\u00e7\u00e3o, perda, extravio ou altera\u00e7\u00e3o desses dados.<br \/>\r\n<br \/>\r\nAs medidas que utilizamos levam em considera\u00e7\u00e3o a natureza dos dados, o contexto e a finalidade do tratamento, os riscos que uma eventual viola\u00e7\u00e3o geraria para os direitos e liberdades do usu\u00e1rio, e os padr\u00f5es atualmente empregados no mercado por empresas semelhantes \u00e0 nossa.<br \/>\r\n<br \/>\r\nEntre as medidas de seguran\u00e7a adotadas por n\u00f3s, destacamos as seguintes:<br \/>\r\n<ul><br \/>\r\n \t<li>Firewall do Dreamhost.<\/li><br \/>\r\n \t<li>Senha de acesso por usu\u00e1rio<\/li><br \/>\r\n \t<li>Ferramentas antiv\u00edrus nos equipamentos da Associa\u00e7\u00e3o<\/li><br \/>\r\n<\/ul><br \/>\r\nAinda que adote tudo o que est\u00e1 ao seu alcance para evitar incidentes de seguran\u00e7a, \u00e9 poss\u00edvel que ocorra algum problema motivado exclusivamente por um terceiro &#8211; como em caso de ataques de hackers ou crackers ou, ainda, em caso de culpa exclusiva do usu\u00e1rio, que ocorre, por exemplo, quando ele mesmo transfere seus dados a terceiro. Assim, embora sejamos, em geral, respons\u00e1veis pelos dados pessoais que tratamos, nos eximimos de responsabilidade caso ocorra uma situa\u00e7\u00e3o excepcional como essas, sobre as quais n\u00e3o temos nenhum tipo de controle.<br \/>\r\n<br \/>\r\nDe qualquer forma, caso ocorra qualquer tipo de incidente de seguran\u00e7a que possa gerar risco ou dano relevante para qualquer de nossos usu\u00e1rios, comunicaremos os afetados e a Autoridade Nacional de Prote\u00e7\u00e3o de Dados acerca do ocorrido, em conformidade com o disposto na Lei Geral de Prote\u00e7\u00e3o de Dados.<br \/>\r\n<br \/>\r\n&nbsp;<br \/>\r\n<br \/>\r\n<strong>11. Reclama\u00e7\u00e3o a uma autoridade de controle<\/strong><br \/>\r\n<br \/>\r\nSem preju\u00edzo de qualquer outra via de recurso administrativo ou judicial, os titulares de dados pessoais que se sentirem, de qualquer forma, lesados, podem apresentar reclama\u00e7\u00e3o \u00e0 Autoridade Nacional de Prote\u00e7\u00e3o de Dados.<br \/>\r\n<br \/>\r\n&nbsp;<br \/>\r\n<br \/>\r\n<strong>12. Altera\u00e7\u00f5es nesta pol\u00edtica<\/strong><br \/>\r\n<br \/>\r\nA presente vers\u00e3o desta Pol\u00edtica de Privacidade foi atualizada pela \u00faltima vez em: 15\/07\/2025.<br \/>\r\n<br \/>\r\nReservamo-nos o direito de modificar, a qualquer momento, as presentes normas, especialmente para adapt\u00e1-las \u00e0s eventuais altera\u00e7\u00f5es feitas em nosso site, seja pela disponibiliza\u00e7\u00e3o de novas funcionalidades, seja pela supress\u00e3o ou modifica\u00e7\u00e3o daquelas j\u00e1 existentes.<br \/>\r\n<br \/>\r\nSempre que houver uma modifica\u00e7\u00e3o, nossos usu\u00e1rios ser\u00e3o notificados acerca da mudan\u00e7a. Recomendamos que voc\u00ea a acesse frequentemente, ou sempre que tiver d\u00favidas, para ver quaisquer atualiza\u00e7\u00f5es ou mudan\u00e7as \u00e0 nossa Pol\u00edtica de Privacidade.<br \/>\r\n<br \/>\r\n&nbsp;<br \/>\r\n<br \/>\r\n<strong>13. Como entrar em contato conosco<\/strong><br \/>\r\n<br \/>\r\nPara esclarecer quaisquer d\u00favidas sobre esta Pol\u00edtica de Privacidade ou sobre os dados pessoais que tratamos, entre em contato com nosso Encarregado de Prote\u00e7\u00e3o de Dados Pessoais, por algum dos canais mencionados abaixo:<br \/>\r\n<br \/>\r\nE-mail: <a href=\"mailto:privacidade@abcm.com.br\">privacidade@abcm.com.br<\/a><br \/>\r\nTelefone: (21) 2221-0438<\/p>\n            <\/div>\n        <\/div>\n    <\/section>\n\n\n\n\n<div style=\"height:100px\" aria-hidden=\"true\" class=\"wp-block-spacer\"><\/div>\n","protected":false},"excerpt":{"rendered":"","protected":false},"author":1,"featured_media":0,"parent":0,"menu_order":0,"comment_status":"closed","ping_status":"closed","template":"","meta":{"footnotes":""},"class_list":["post-1338","page","type-page","status-publish","hentry"],"_links":{"self":[{"href":"https:\/\/eventos.abcm.org.br\/evr2026\/wp-json\/wp\/v2\/pages\/1338","targetHints":{"allow":["GET"]}}],"collection":[{"href":"https:\/\/eventos.abcm.org.br\/evr2026\/wp-json\/wp\/v2\/pages"}],"about":[{"href":"https:\/\/eventos.abcm.org.br\/evr2026\/wp-json\/wp\/v2\/types\/page"}],"author":[{"embeddable":true,"href":"https:\/\/eventos.abcm.org.br\/evr2026\/wp-json\/wp\/v2\/users\/1"}],"replies":[{"embeddable":true,"href":"https:\/\/eventos.abcm.org.br\/evr2026\/wp-json\/wp\/v2\/comments?post=1338"}],"version-history":[{"count":21,"href":"https:\/\/eventos.abcm.org.br\/evr2026\/wp-json\/wp\/v2\/pages\/1338\/revisions"}],"predecessor-version":[{"id":1363,"href":"https:\/\/eventos.abcm.org.br\/evr2026\/wp-json\/wp\/v2\/pages\/1338\/revisions\/1363"}],"wp:attachment":[{"href":"https:\/\/eventos.abcm.org.br\/evr2026\/wp-json\/wp\/v2\/media?parent=1338"}],"curies":[{"name":"wp","href":"https:\/\/api.w.org\/{rel}","templated":true}]}}