{"id":1368,"date":"2025-08-04T13:06:05","date_gmt":"2025-08-04T16:06:05","guid":{"rendered":"https:\/\/eventos.abcm.org.br\/evr2026\/?page_id=1368"},"modified":"2025-08-26T10:31:37","modified_gmt":"2025-08-26T13:31:37","slug":"templates","status":"publish","type":"page","link":"https:\/\/eventos.abcm.org.br\/evr2026\/templates\/","title":{"rendered":"Templates"},"content":{"rendered":"\n    \n        <section class=\"banner-int \" style=\"background-image: url('https:\/\/eventos.abcm.org.br\/evr2026\/wp-content\/uploads\/2025\/06\/banner.jpg');\">\n            <div class=\"container-content\">\n                <h2>Templates<\/h2>\n                <h3>8\u00aa Escola de Ver\u00e3o de Refrigera\u00e7\u00e3o<\/h3>\n            <\/div>\n        <\/section>\n\n    \n\n\n\n    <section class=\"\">\n        <div class=\"container-content\">\n            <div class=\"block-text-title \">\n                <h2 class=\"title\"><\/h2>\n                <p><a href=\"http:\/\/eventos.abcm.org.br\/evr2026\/wp-content\/uploads\/2025\/08\/Template_EVR_2026_pdf.pdf\" target=\"_blank\" rel=\"noopener\"><strong>Template_EVR_2026_pdf<\/strong><\/a><br \/>\r\n<br \/>\r\n<strong><a href=\"http:\/\/eventos.abcm.org.br\/evr2026\/wp-content\/uploads\/2025\/08\/Template_EVR_2026_Word-1.docx\">Template_EVR_2026_Word<\/a><\/strong><br \/>\r\n<br \/>\r\n&nbsp;<\/p>\n            <\/div>\n        <\/div>\n    <\/section>\n\n\n\n\n<div style=\"height:100px\" aria-hidden=\"true\" class=\"wp-block-spacer\"><\/div>\n","protected":false},"excerpt":{"rendered":"","protected":false},"author":1,"featured_media":0,"parent":0,"menu_order":0,"comment_status":"closed","ping_status":"closed","template":"","meta":{"footnotes":""},"class_list":["post-1368","page","type-page","status-publish","hentry"],"_links":{"self":[{"href":"https:\/\/eventos.abcm.org.br\/evr2026\/wp-json\/wp\/v2\/pages\/1368","targetHints":{"allow":["GET"]}}],"collection":[{"href":"https:\/\/eventos.abcm.org.br\/evr2026\/wp-json\/wp\/v2\/pages"}],"about":[{"href":"https:\/\/eventos.abcm.org.br\/evr2026\/wp-json\/wp\/v2\/types\/page"}],"author":[{"embeddable":true,"href":"https:\/\/eventos.abcm.org.br\/evr2026\/wp-json\/wp\/v2\/users\/1"}],"replies":[{"embeddable":true,"href":"https:\/\/eventos.abcm.org.br\/evr2026\/wp-json\/wp\/v2\/comments?post=1368"}],"version-history":[{"count":8,"href":"https:\/\/eventos.abcm.org.br\/evr2026\/wp-json\/wp\/v2\/pages\/1368\/revisions"}],"predecessor-version":[{"id":1411,"href":"https:\/\/eventos.abcm.org.br\/evr2026\/wp-json\/wp\/v2\/pages\/1368\/revisions\/1411"}],"wp:attachment":[{"href":"https:\/\/eventos.abcm.org.br\/evr2026\/wp-json\/wp\/v2\/media?parent=1368"}],"curies":[{"name":"wp","href":"https:\/\/api.w.org\/{rel}","templated":true}]}}