{"id":1457,"date":"2026-01-29T14:35:45","date_gmt":"2026-01-29T17:35:45","guid":{"rendered":"https:\/\/eventos.abcm.org.br\/evr2026\/?page_id=1457"},"modified":"2026-01-29T14:45:34","modified_gmt":"2026-01-29T17:45:34","slug":"palestrantes","status":"publish","type":"page","link":"https:\/\/eventos.abcm.org.br\/evr2026\/palestrantes\/","title":{"rendered":"Palestrantes"},"content":{"rendered":"\n    \n        <section class=\"banner-int \" style=\"background-image: url('https:\/\/eventos.abcm.org.br\/evr2026\/wp-content\/uploads\/2025\/06\/banner.jpg');\">\n            <div class=\"container-content\">\n                <h2>Palestrantes<\/h2>\n                <h3>8a Escola de Ver\u00e3o de Refrigera\u00e7\u00e3o<\/h3>\n            <\/div>\n        <\/section>\n\n    \n\n\n\n    \n        \n            <section class=\"bg-gray \">\n                <div class=\"container-content\">\n                    <h2 class=\"title\"><\/h2>\n\n                    <div class=\"block-accordion\">\n                        <div class=\"accordion-container\">\n\n                                                            <div class=\"ac\">\n                                    <div class=\"ac-header ac-trigger\">\n                                        <!-- classe no-image necess\u00e1ria caso n\u00e3o tenha imagem cadastrada -->\n                                                                                <div class=\"image no-image\">\n                                                                                    <\/div>\n                                        <div class=\"content\">\n                                            <h3>Diogo Londero da Silva<\/h3>\n                                            <span>UFSC<\/span>\n                                            <p class=\"lecture\">UFSC<\/p>\n                                        <\/div>\n                                        <span class=\"icon-arrow_forward_ios arrow arrow-ac\"><\/span>\n                                    <\/div>\n                                    <div class=\"ac-panel\">\n                                        <div class=\"inner-content\">\n                                            <p><\/p>\n                                        <\/div>\n                                    <\/div>\n                                <\/div>\n                                                            <div class=\"ac\">\n                                    <div class=\"ac-header ac-trigger\">\n                                        <!-- classe no-image necess\u00e1ria caso n\u00e3o tenha imagem cadastrada -->\n                                                                                <div class=\"image no-image\">\n                                                                                    <\/div>\n                                        <div class=\"content\">\n                                            <h3>Andr\u00e9 Morriessen<\/h3>\n                                            <span>Tecumseh<\/span>\n                                            <p class=\"lecture\"><\/p>\n                                        <\/div>\n                                        <span class=\"icon-arrow_forward_ios arrow arrow-ac\"><\/span>\n                                    <\/div>\n                                    <div class=\"ac-panel\">\n                                        <div class=\"inner-content\">\n                                            <p><\/p>\n                                        <\/div>\n                                    <\/div>\n                                <\/div>\n                                                            <div class=\"ac\">\n                                    <div class=\"ac-header ac-trigger\">\n                                        <!-- classe no-image necess\u00e1ria caso n\u00e3o tenha imagem cadastrada -->\n                                                                                <div class=\"image no-image\">\n                                                                                    <\/div>\n                                        <div class=\"content\">\n                                            <h3>Luben Gomez<\/h3>\n                                            <span>EESC-USP<\/span>\n                                            <p class=\"lecture\"><\/p>\n                                        <\/div>\n                                        <span class=\"icon-arrow_forward_ios arrow arrow-ac\"><\/span>\n                                    <\/div>\n                                    <div class=\"ac-panel\">\n                                        <div class=\"inner-content\">\n                                            <p><\/p>\n                                        <\/div>\n                                    <\/div>\n                                <\/div>\n                                                            <div class=\"ac\">\n                                    <div class=\"ac-header ac-trigger\">\n                                        <!-- classe no-image necess\u00e1ria caso n\u00e3o tenha imagem cadastrada -->\n                                                                                <div class=\"image no-image\">\n                                                                                    <\/div>\n                                        <div class=\"content\">\n                                            <h3>Eduardo Bertomeu<\/h3>\n                                            <span>Sicflux<\/span>\n                                            <p class=\"lecture\"><\/p>\n                                        <\/div>\n                                        <span class=\"icon-arrow_forward_ios arrow arrow-ac\"><\/span>\n                                    <\/div>\n                                    <div class=\"ac-panel\">\n                                        <div class=\"inner-content\">\n                                            <p><\/p>\n                                        <\/div>\n                                    <\/div>\n                                <\/div>\n                                                            <div class=\"ac\">\n                                    <div class=\"ac-header ac-trigger\">\n                                        <!-- classe no-image necess\u00e1ria caso n\u00e3o tenha imagem cadastrada -->\n                                                                                <div class=\"image no-image\">\n                                                                                    <\/div>\n                                        <div class=\"content\">\n                                            <h3>Wallace Turcio e Ricardo Barbosa<\/h3>\n                                            <span>Embraer<\/span>\n                                            <p class=\"lecture\"><\/p>\n                                        <\/div>\n                                        <span class=\"icon-arrow_forward_ios arrow arrow-ac\"><\/span>\n                                    <\/div>\n                                    <div class=\"ac-panel\">\n                                        <div class=\"inner-content\">\n                                            <p><\/p>\n                                        <\/div>\n                                    <\/div>\n                                <\/div>\n                                                            <div class=\"ac\">\n                                    <div class=\"ac-header ac-trigger\">\n                                        <!-- classe no-image necess\u00e1ria caso n\u00e3o tenha imagem cadastrada -->\n                                                                                <div class=\"image no-image\">\n                                                                                    <\/div>\n                                        <div class=\"content\">\n                                            <h3>Jo\u00e3o Pimenta<\/h3>\n                                            <span>UnB<\/span>\n                                            <p class=\"lecture\"><\/p>\n                                        <\/div>\n                                        <span class=\"icon-arrow_forward_ios arrow arrow-ac\"><\/span>\n                                    <\/div>\n                                    <div class=\"ac-panel\">\n                                        <div class=\"inner-content\">\n                                            <p><\/p>\n                                        <\/div>\n                                    <\/div>\n                                <\/div>\n                                                            <div class=\"ac\">\n                                    <div class=\"ac-header ac-trigger\">\n                                        <!-- classe no-image necess\u00e1ria caso n\u00e3o tenha imagem cadastrada -->\n                                                                                <div class=\"image no-image\">\n                                                                                    <\/div>\n                                        <div class=\"content\">\n                                            <h3>Guilherme Peixer<\/h3>\n                                            <span>UFSC<\/span>\n                                            <p class=\"lecture\"><\/p>\n                                        <\/div>\n                                        <span class=\"icon-arrow_forward_ios arrow arrow-ac\"><\/span>\n                                    <\/div>\n                                    <div class=\"ac-panel\">\n                                        <div class=\"inner-content\">\n                                            <p><\/p>\n                                        <\/div>\n                                    <\/div>\n                                <\/div>\n                                                            <div class=\"ac\">\n                                    <div class=\"ac-header ac-trigger\">\n                                        <!-- classe no-image necess\u00e1ria caso n\u00e3o tenha imagem cadastrada -->\n                                                                                <div class=\"image no-image\">\n                                                                                    <\/div>\n                                        <div class=\"content\">\n                                            <h3>Cristiano Tibiri\u00e7a<\/h3>\n                                            <span>EESC-USP<\/span>\n                                            <p class=\"lecture\"><\/p>\n                                        <\/div>\n                                        <span class=\"icon-arrow_forward_ios arrow arrow-ac\"><\/span>\n                                    <\/div>\n                                    <div class=\"ac-panel\">\n                                        <div class=\"inner-content\">\n                                            <p><\/p>\n                                        <\/div>\n                                    <\/div>\n                                <\/div>\n                                                            <div class=\"ac\">\n                                    <div class=\"ac-header ac-trigger\">\n                                        <!-- classe no-image necess\u00e1ria caso n\u00e3o tenha imagem cadastrada -->\n                                                                                <div class=\"image no-image\">\n                                                                                    <\/div>\n                                        <div class=\"content\">\n                                            <h3>Jo\u00e3o Manuel Aureliano<\/h3>\n                                            <span>Daikin<\/span>\n                                            <p class=\"lecture\"><\/p>\n                                        <\/div>\n                                        <span class=\"icon-arrow_forward_ios arrow arrow-ac\"><\/span>\n                                    <\/div>\n                                    <div class=\"ac-panel\">\n                                        <div class=\"inner-content\">\n                                            <p><\/p>\n                                        <\/div>\n                                    <\/div>\n                                <\/div>\n                                                            <div class=\"ac\">\n                                    <div class=\"ac-header ac-trigger\">\n                                        <!-- classe no-image necess\u00e1ria caso n\u00e3o tenha imagem cadastrada -->\n                                                                                <div class=\"image no-image\">\n                                                                                    <\/div>\n                                        <div class=\"content\">\n                                            <h3>Jos\u00e9 Maria Saiz Jabardo<\/h3>\n                                            <span>USP<\/span>\n                                            <p class=\"lecture\"><\/p>\n                                        <\/div>\n                                        <span class=\"icon-arrow_forward_ios arrow arrow-ac\"><\/span>\n                                    <\/div>\n                                    <div class=\"ac-panel\">\n                                        <div class=\"inner-content\">\n                                            <p><\/p>\n                                        <\/div>\n                                    <\/div>\n                                <\/div>\n                                                        \n                        <\/div>\n                    <\/div>\n                <\/div>\n            <\/section>\n\n        \n    \n\n\n\n<div style=\"height:100px\" aria-hidden=\"true\" class=\"wp-block-spacer\"><\/div>\n","protected":false},"excerpt":{"rendered":"","protected":false},"author":1,"featured_media":0,"parent":0,"menu_order":0,"comment_status":"closed","ping_status":"closed","template":"","meta":{"footnotes":""},"class_list":["post-1457","page","type-page","status-publish","hentry"],"_links":{"self":[{"href":"https:\/\/eventos.abcm.org.br\/evr2026\/wp-json\/wp\/v2\/pages\/1457","targetHints":{"allow":["GET"]}}],"collection":[{"href":"https:\/\/eventos.abcm.org.br\/evr2026\/wp-json\/wp\/v2\/pages"}],"about":[{"href":"https:\/\/eventos.abcm.org.br\/evr2026\/wp-json\/wp\/v2\/types\/page"}],"author":[{"embeddable":true,"href":"https:\/\/eventos.abcm.org.br\/evr2026\/wp-json\/wp\/v2\/users\/1"}],"replies":[{"embeddable":true,"href":"https:\/\/eventos.abcm.org.br\/evr2026\/wp-json\/wp\/v2\/comments?post=1457"}],"version-history":[{"count":4,"href":"https:\/\/eventos.abcm.org.br\/evr2026\/wp-json\/wp\/v2\/pages\/1457\/revisions"}],"predecessor-version":[{"id":1474,"href":"https:\/\/eventos.abcm.org.br\/evr2026\/wp-json\/wp\/v2\/pages\/1457\/revisions\/1474"}],"wp:attachment":[{"href":"https:\/\/eventos.abcm.org.br\/evr2026\/wp-json\/wp\/v2\/media?parent=1457"}],"curies":[{"name":"wp","href":"https:\/\/api.w.org\/{rel}","templated":true}]}}