{"id":1506,"date":"2026-02-06T16:36:54","date_gmt":"2026-02-06T19:36:54","guid":{"rendered":"https:\/\/eventos.abcm.org.br\/evr2026\/?page_id=1506"},"modified":"2026-02-09T15:31:29","modified_gmt":"2026-02-09T18:31:29","slug":"local-do-evento","status":"publish","type":"page","link":"https:\/\/eventos.abcm.org.br\/evr2026\/local-do-evento\/","title":{"rendered":"Local do Evento"},"content":{"rendered":"\n    \n        <section class=\"banner-int \" style=\"background-image: url('https:\/\/eventos.abcm.org.br\/evr2026\/wp-content\/uploads\/2025\/06\/banner.jpg');\">\n            <div class=\"container-content\">\n                <h2>Local do Evento<\/h2>\n                <h3>8\u00aa Escola de Ver\u00e3o de Refrigera\u00e7\u00e3o<\/h3>\n            <\/div>\n        <\/section>\n\n    \n\n\n\n    <section class=\"\">\n        <div class=\"container-content\">\n            <div class=\"block-text-title \">\n                <h2 class=\"title\"><\/h2>\n                <p>O evento acontecer\u00e1 no <strong><a href=\"http:\/\/google.com\/maps\/place\/Audit\u00f3rio+Weis+-+ITA\/data=!4m2!3m1!1s0x0:0xd3ba0ce18aaa5af0?sa=X&amp;ved=1t:2428&amp;ictx=111\">audit\u00f3rio Weis<\/a><\/strong>, no pr\u00e9dio de Ci\u00eancias Fundamentais do ITA.<br \/>\r\n<br \/>\r\nNecess\u00e1rio apresentar documento de identidade na portaria do DCTA (Departamento de Ci\u00eancia e Tecnologia Aeroespacial). Mencionar que ir\u00e1 \u00e0 Escola de Ver\u00e3o de Refrigera\u00e7\u00e3o.<\/p>\n            <\/div>\n        <\/div>\n    <\/section>\n\n\n\n\n<div style=\"height:100px\" aria-hidden=\"true\" class=\"wp-block-spacer\"><\/div>\n","protected":false},"excerpt":{"rendered":"","protected":false},"author":1,"featured_media":0,"parent":0,"menu_order":0,"comment_status":"closed","ping_status":"closed","template":"","meta":{"footnotes":""},"class_list":["post-1506","page","type-page","status-publish","hentry"],"_links":{"self":[{"href":"https:\/\/eventos.abcm.org.br\/evr2026\/wp-json\/wp\/v2\/pages\/1506","targetHints":{"allow":["GET"]}}],"collection":[{"href":"https:\/\/eventos.abcm.org.br\/evr2026\/wp-json\/wp\/v2\/pages"}],"about":[{"href":"https:\/\/eventos.abcm.org.br\/evr2026\/wp-json\/wp\/v2\/types\/page"}],"author":[{"embeddable":true,"href":"https:\/\/eventos.abcm.org.br\/evr2026\/wp-json\/wp\/v2\/users\/1"}],"replies":[{"embeddable":true,"href":"https:\/\/eventos.abcm.org.br\/evr2026\/wp-json\/wp\/v2\/comments?post=1506"}],"version-history":[{"count":5,"href":"https:\/\/eventos.abcm.org.br\/evr2026\/wp-json\/wp\/v2\/pages\/1506\/revisions"}],"predecessor-version":[{"id":1532,"href":"https:\/\/eventos.abcm.org.br\/evr2026\/wp-json\/wp\/v2\/pages\/1506\/revisions\/1532"}],"wp:attachment":[{"href":"https:\/\/eventos.abcm.org.br\/evr2026\/wp-json\/wp\/v2\/media?parent=1506"}],"curies":[{"name":"wp","href":"https:\/\/api.w.org\/{rel}","templated":true}]}}