{"id":176,"date":"2024-02-23T14:42:30","date_gmt":"2024-02-23T17:42:30","guid":{"rendered":"http:\/\/localhost\/abcm-wp-event\/?page_id=176"},"modified":"2026-01-14T09:46:43","modified_gmt":"2026-01-14T12:46:43","slug":"bem-vindos","status":"publish","type":"page","link":"https:\/\/eventos.abcm.org.br\/evr2026\/bem-vindos\/","title":{"rendered":"Bem Vindos"},"content":{"rendered":"\n    \n        <section class=\"banner-int \" style=\"background-image: url('https:\/\/eventos.abcm.org.br\/evr2026\/wp-content\/uploads\/2025\/06\/banner.jpg');\">\n            <div class=\"container-content\">\n                <h2>Bem-Vindos<\/h2>\n                <h3>8\u00aa Escola de Ver\u00e3o de Refrigera\u00e7\u00e3o<\/h3>\n            <\/div>\n        <\/section>\n\n    \n\n\n\n<div style=\"height:150px\" aria-hidden=\"true\" class=\"wp-block-spacer\"><\/div>\n\n\n\n    <section class=\"\">\n        <div class=\"container-content\">\n            <div class=\"block-text-title \">\n                <h2 class=\"title\">Bem Vindos<\/h2>\n                <p>Sejam muito bem-vindos \u00e0 8\u00aa Escola de Ver\u00e3o de Refrigera\u00e7\u00e3o (EVR), que acontecer\u00e1 de 23 a 26 de fevereiro de 2026 no Instituto Tecnol\u00f3gico de Aeron\u00e1utica (ITA), em S\u00e3o Jos\u00e9 dos Campos \u2013 SP. Com o tema \u201cRefrigera\u00e7\u00e3o Sustent\u00e1vel e Tecnologias Emergentes: Inova\u00e7\u00e3o para a Transi\u00e7\u00e3o Energ\u00e9tica e Clim\u00e1tica\u201d, o evento \u00e9 promovido pela ABCM e organizado pelo Laborat\u00f3rio de Engenharia T\u00e9rmica Aplicada (LETA), mantendo sua tradi\u00e7\u00e3o bienal desde 2012. Esta edi\u00e7\u00e3o reafirma o compromisso da EVR em ser um ambiente de excel\u00eancia para o debate t\u00e9cnico e cient\u00edfico no setor HVAC&amp;R.<br \/>\r\n<br \/>\r\nDurante os dias de mini-cursos e palestras, pesquisadores, estudantes e profissionais ter\u00e3o a oportunidade de discutir os desafios e as inova\u00e7\u00f5es do setor, com foco em sustentabilidade, efici\u00eancia energ\u00e9tica e mobilidade el\u00e9trica. Em um momento crucial de implementa\u00e7\u00e3o das metas da Emenda de Kigali no Brasil, a EVR se consolida como um espa\u00e7o estrat\u00e9gico para articular a\u00e7\u00f5es acad\u00eamicas, industriais e governamentais, contribuindo ativamente para a transi\u00e7\u00e3o clim\u00e1tica e energ\u00e9tica do pa\u00eds.<br \/>\r\n<br \/>\r\nEsperamos que esta edi\u00e7\u00e3o promova conex\u00f5es produtivas, inspire novas solu\u00e7\u00f5es e reforce o papel do conhecimento na constru\u00e7\u00e3o de um futuro mais eficiente, sustent\u00e1vel e inovador para o Brasil e o mundo.<\/p>\n            <\/div>\n        <\/div>\n    <\/section>\n\n\n\n\n<div style=\"height:150px\" aria-hidden=\"true\" class=\"wp-block-spacer\"><\/div>\n","protected":false},"excerpt":{"rendered":"","protected":false},"author":1,"featured_media":0,"parent":0,"menu_order":0,"comment_status":"closed","ping_status":"closed","template":"","meta":{"footnotes":""},"class_list":["post-176","page","type-page","status-publish","hentry"],"_links":{"self":[{"href":"https:\/\/eventos.abcm.org.br\/evr2026\/wp-json\/wp\/v2\/pages\/176","targetHints":{"allow":["GET"]}}],"collection":[{"href":"https:\/\/eventos.abcm.org.br\/evr2026\/wp-json\/wp\/v2\/pages"}],"about":[{"href":"https:\/\/eventos.abcm.org.br\/evr2026\/wp-json\/wp\/v2\/types\/page"}],"author":[{"embeddable":true,"href":"https:\/\/eventos.abcm.org.br\/evr2026\/wp-json\/wp\/v2\/users\/1"}],"replies":[{"embeddable":true,"href":"https:\/\/eventos.abcm.org.br\/evr2026\/wp-json\/wp\/v2\/comments?post=176"}],"version-history":[{"count":114,"href":"https:\/\/eventos.abcm.org.br\/evr2026\/wp-json\/wp\/v2\/pages\/176\/revisions"}],"predecessor-version":[{"id":1446,"href":"https:\/\/eventos.abcm.org.br\/evr2026\/wp-json\/wp\/v2\/pages\/176\/revisions\/1446"}],"wp:attachment":[{"href":"https:\/\/eventos.abcm.org.br\/evr2026\/wp-json\/wp\/v2\/media?parent=176"}],"curies":[{"name":"wp","href":"https:\/\/api.w.org\/{rel}","templated":true}]}}