{"id":383,"date":"2024-03-12T11:13:00","date_gmt":"2024-03-12T14:13:00","guid":{"rendered":"https:\/\/eventos.abcm.org.br\/abcm-event-wp\/?page_id=383"},"modified":"2025-10-21T16:38:35","modified_gmt":"2025-10-21T19:38:35","slug":"comissao-organizadora","status":"publish","type":"page","link":"https:\/\/eventos.abcm.org.br\/evr2026\/comissao-organizadora\/","title":{"rendered":"Comiss\u00e3o organizadora"},"content":{"rendered":"\n    \n        <section class=\"banner-int \" style=\"background-image: url('https:\/\/eventos.abcm.org.br\/evr2026\/wp-content\/uploads\/2025\/06\/banner.jpg');\">\n            <div class=\"container-content\">\n                <h2>Comiss\u00e3o organizadora<\/h2>\n                <h3>8\u00aa Escola de Ver\u00e3o de Refrigera\u00e7\u00e3o<\/h3>\n            <\/div>\n        <\/section>\n\n    \n\n\n\n    \n        <section class=\"bg-sc-bt \">\n            <div class=\"container-content\">\n                <h2 class=\"title\"><\/h2>\n                <div class=\"block-list-committee\">\n                    <ul>\n\n                                                    <li>\n                                <div class=\"text\">\n                                    <h4 class=\"name\">Guilherme Borges Ribeiro \u2013 ITA<\/h4>\n                                    <span>Chair<\/span>\n                                <\/div>\n                            <\/li>\n                                                    <li>\n                                <div class=\"text\">\n                                    <h4 class=\"name\">Daniel Borba Marchetto &#8211; ITA<\/h4>\n                                    <span>Co-chair<\/span>\n                                <\/div>\n                            <\/li>\n                                                    <li>\n                                <div class=\"text\">\n                                    <h4 class=\"name\">Elisan dos Santos Magalh\u00e3es \u2013 ITA<\/h4>\n                                    <span><\/span>\n                                <\/div>\n                            <\/li>\n                                                    <li>\n                                <div class=\"text\">\n                                    <h4 class=\"name\">Cleverson Bringhenti \u2013 ITA<\/h4>\n                                    <span><\/span>\n                                <\/div>\n                            <\/li>\n                                                \n                    <\/ul>\n                <\/div>\n            <\/div>\n        <\/section>\n\n    \n\n\n\n<div style=\"height:100px\" aria-hidden=\"true\" class=\"wp-block-spacer\"><\/div>\n","protected":false},"excerpt":{"rendered":"","protected":false},"author":1,"featured_media":0,"parent":0,"menu_order":0,"comment_status":"closed","ping_status":"closed","template":"","meta":{"footnotes":""},"class_list":["post-383","page","type-page","status-publish","hentry"],"_links":{"self":[{"href":"https:\/\/eventos.abcm.org.br\/evr2026\/wp-json\/wp\/v2\/pages\/383","targetHints":{"allow":["GET"]}}],"collection":[{"href":"https:\/\/eventos.abcm.org.br\/evr2026\/wp-json\/wp\/v2\/pages"}],"about":[{"href":"https:\/\/eventos.abcm.org.br\/evr2026\/wp-json\/wp\/v2\/types\/page"}],"author":[{"embeddable":true,"href":"https:\/\/eventos.abcm.org.br\/evr2026\/wp-json\/wp\/v2\/users\/1"}],"replies":[{"embeddable":true,"href":"https:\/\/eventos.abcm.org.br\/evr2026\/wp-json\/wp\/v2\/comments?post=383"}],"version-history":[{"count":51,"href":"https:\/\/eventos.abcm.org.br\/evr2026\/wp-json\/wp\/v2\/pages\/383\/revisions"}],"predecessor-version":[{"id":1425,"href":"https:\/\/eventos.abcm.org.br\/evr2026\/wp-json\/wp\/v2\/pages\/383\/revisions\/1425"}],"wp:attachment":[{"href":"https:\/\/eventos.abcm.org.br\/evr2026\/wp-json\/wp\/v2\/media?parent=383"}],"curies":[{"name":"wp","href":"https:\/\/api.w.org\/{rel}","templated":true}]}}