{"id":2255,"date":"2025-10-07T10:20:57","date_gmt":"2025-10-07T13:20:57","guid":{"rendered":"https:\/\/eventos.abcm.org.br\/uncertainties2026\/?page_id=2255"},"modified":"2026-03-18T08:55:22","modified_gmt":"2026-03-18T11:55:22","slug":"congress-venue","status":"publish","type":"page","link":"https:\/\/eventos.abcm.org.br\/mecsol2026\/congress-venue\/","title":{"rendered":"Congress Venue"},"content":{"rendered":"\n    \n        <section class=\"banner-int \" style=\"background-image: url('https:\/\/eventos.abcm.org.br\/mecsol2026\/wp-content\/uploads\/2025\/10\/banner-mecsol26.jpg');\">\n            <div class=\"container-content\">\n                <h2>Congress Venue<\/h2>\n                <h3>10<sup>th<\/sup> International Symposium on Solid Mechanics<\/h3>\n            <\/div>\n        <\/section>\n\n    \n\n\n\n    <section class=\"\">\n        <div class=\"container-content\">\n            <div class=\"block-text-title \">\n                <h2 class=\"title\"><\/h2>\n                <p>The MecSol will be held at ITA facilities in S\u00e3o Jos\u00e9 dos Campos<br \/>\r\n<br \/>\r\nThe campus is easily accessible from the city center or nearby hotels, where it is expected that most participants will choose to stay. The distance is less than 3.0 km (2.0 miles) from the city center. The campus is within a 20 min walk from a number of hotels.<br \/>\r\n<br \/>\r\nProfessor Urbano Ernesto Stumpf airport (SJK) is located in the aeroepace hub of S\u00e3o Jos\u00e9 dos Campos, less than 5 km from ITA with a limited offer of local flights. The Guarulhos international airport (GRU) in the outskirts of S\u00e3o Paulo is located 77 km from ITA, acessible by public bus transportation.<br \/>\r\n<br \/>\r\n&nbsp;<br \/>\r\n<p style=\"text-align: center;\"><img loading=\"lazy\" decoding=\"async\" class=\"aligncenter wp-image-2544 size-full\" src=\"http:\/\/eventos.abcm.org.br\/mecsol2026\/wp-content\/uploads\/2026\/03\/Aerial-view-of-the-ITA-campus.webp\" alt=\"\" width=\"1024\" height=\"685\" srcset=\"https:\/\/eventos.abcm.org.br\/mecsol2026\/wp-content\/uploads\/2026\/03\/Aerial-view-of-the-ITA-campus.webp 1024w, https:\/\/eventos.abcm.org.br\/mecsol2026\/wp-content\/uploads\/2026\/03\/Aerial-view-of-the-ITA-campus-300x201.webp 300w, https:\/\/eventos.abcm.org.br\/mecsol2026\/wp-content\/uploads\/2026\/03\/Aerial-view-of-the-ITA-campus-768x514.webp 768w\" sizes=\"auto, (max-width: 1024px) 100vw, 1024px\" \/><br \/>\r\nAerial view of the ITA campus<\/p><br \/>\r\n<p style=\"text-align: center;\"><img loading=\"lazy\" decoding=\"async\" class=\"aligncenter wp-image-2546 size-large\" src=\"http:\/\/eventos.abcm.org.br\/mecsol2026\/wp-content\/uploads\/2026\/03\/ITA-1024x683.jpg\" alt=\"\" width=\"1024\" height=\"683\" srcset=\"https:\/\/eventos.abcm.org.br\/mecsol2026\/wp-content\/uploads\/2026\/03\/ITA-1024x683.jpg 1024w, https:\/\/eventos.abcm.org.br\/mecsol2026\/wp-content\/uploads\/2026\/03\/ITA-300x200.jpg 300w, https:\/\/eventos.abcm.org.br\/mecsol2026\/wp-content\/uploads\/2026\/03\/ITA-768x512.jpg 768w, https:\/\/eventos.abcm.org.br\/mecsol2026\/wp-content\/uploads\/2026\/03\/ITA-1536x1025.jpg 1536w, https:\/\/eventos.abcm.org.br\/mecsol2026\/wp-content\/uploads\/2026\/03\/ITA.jpg 1772w\" sizes=\"auto, (max-width: 1024px) 100vw, 1024px\" \/><br \/>\r\nITA Fundamental Sciences Building &#8211; Pra\u00e7a Marechal Eduardo Gomes, 50 &#8211; Vila das Acacias, S\u00e3o Jos\u00e9 dos Campos &#8211; SP, 12228-900, Brazil<\/p><\/p>\n            <\/div>\n        <\/div>\n    <\/section>\n\n\n\n\n<div style=\"height:100px\" aria-hidden=\"true\" class=\"wp-block-spacer\"><\/div>\n","protected":false},"excerpt":{"rendered":"","protected":false},"author":1,"featured_media":0,"parent":0,"menu_order":0,"comment_status":"closed","ping_status":"closed","template":"","meta":{"footnotes":""},"class_list":["post-2255","page","type-page","status-publish","hentry"],"_links":{"self":[{"href":"https:\/\/eventos.abcm.org.br\/mecsol2026\/wp-json\/wp\/v2\/pages\/2255","targetHints":{"allow":["GET"]}}],"collection":[{"href":"https:\/\/eventos.abcm.org.br\/mecsol2026\/wp-json\/wp\/v2\/pages"}],"about":[{"href":"https:\/\/eventos.abcm.org.br\/mecsol2026\/wp-json\/wp\/v2\/types\/page"}],"author":[{"embeddable":true,"href":"https:\/\/eventos.abcm.org.br\/mecsol2026\/wp-json\/wp\/v2\/users\/1"}],"replies":[{"embeddable":true,"href":"https:\/\/eventos.abcm.org.br\/mecsol2026\/wp-json\/wp\/v2\/comments?post=2255"}],"version-history":[{"count":18,"href":"https:\/\/eventos.abcm.org.br\/mecsol2026\/wp-json\/wp\/v2\/pages\/2255\/revisions"}],"predecessor-version":[{"id":2558,"href":"https:\/\/eventos.abcm.org.br\/mecsol2026\/wp-json\/wp\/v2\/pages\/2255\/revisions\/2558"}],"wp:attachment":[{"href":"https:\/\/eventos.abcm.org.br\/mecsol2026\/wp-json\/wp\/v2\/media?parent=2255"}],"curies":[{"name":"wp","href":"https:\/\/api.w.org\/{rel}","templated":true}]}}