{"id":2559,"date":"2026-03-18T08:59:37","date_gmt":"2026-03-18T11:59:37","guid":{"rendered":"https:\/\/eventos.abcm.org.br\/mecsol2026\/?page_id=2559"},"modified":"2026-03-18T08:59:52","modified_gmt":"2026-03-18T11:59:52","slug":"accommodations","status":"publish","type":"page","link":"https:\/\/eventos.abcm.org.br\/mecsol2026\/accommodations\/","title":{"rendered":"Accommodations"},"content":{"rendered":"\n    \n        <section class=\"banner-int \" style=\"background-image: url('https:\/\/eventos.abcm.org.br\/mecsol2026\/wp-content\/uploads\/2025\/10\/banner-mecsol26.jpg');\">\n            <div class=\"container-content\">\n                <h2>Accommodations<\/h2>\n                <h3>10<sup>th<\/sup> International Symposium on Solid Mechanics<\/h3>\n            <\/div>\n        <\/section>\n\n    \n\n\n\n    <section class=\"\">\n        <div class=\"container-content\">\n            <div class=\"block-text-title \">\n                <h2 class=\"title\"><\/h2>\n                <p><strong>Novotel<\/strong><br \/>\r\nAvenida Dr Nelson D&#8217;\u00c1vila, 2200, Vila das Ac\u00e1cias 12245031 S\u00e3o Jos\u00e9 dos Campos<br \/>\r\n+55 12 4009-7800, reservas.novotelsjc@accor.com<br \/>\r\n<br \/>\r\n<strong>Nacional Inn<\/strong><br \/>\r\nAv. Deputado Benedito Matarazzo, 9009 , Jardim Oswaldo Cruz, 12216-580<br \/>\r\n+55 12 3512-1184, Whatsapp +55 12 3947-0079, reservas@nacionalinnsjc.com.br<br \/>\r\n<br \/>\r\n<strong>B&amp;B Hotels<\/strong><br \/>\r\nR. Lup\u00e9rcio Ant\u00f4nio dos Santos, 31 &#8211; Vila Betania, 12245-521<br \/>\r\n+55 11 98988-8571<br \/>\r\nbra-centraldereservas@hotelbb.com<br \/>\r\n<br \/>\r\n<strong>Summit Flat Service<\/strong><br \/>\r\nAv. Dr. Nelson d&#8217;\u00c1vila, 1875, 12245-030<br \/>\r\n+55 12 4009-7300<br \/>\r\nreservas.sjc@summithotels.com.br<br \/>\r\n<br \/>\r\n<strong>Maru\u00e1 Hotel<\/strong><br \/>\r\nRua Holanda, 120 &#8211; Jardim Oswaldo Cruz<br \/>\r\n+ 55 12 3941-1010, Whatsapp: +55 12 99659-0910, reservas@hotelmarua.com.br<br \/>\r\n<br \/>\r\n<strong>Polo Hotel<\/strong><br \/>\r\nRua Republica de Israel &#8211; Jardim Oswaldo Cruz<br \/>\r\n+55 12 3876-5000, Whatsapp +55 12 3876-5000, reservas@polohotel.com.br<br \/>\r\n<br \/>\r\n<strong>Faro Hotel<\/strong><br \/>\r\nRua S\u00edria, 25 &#8211; Jardim Oswaldo Cruz, 12216-530<br \/>\r\n+55 12 3512-9600, reservas@farohotel.com.br<\/p>\n            <\/div>\n        <\/div>\n    <\/section>\n\n\n\n\n<div style=\"height:100px\" aria-hidden=\"true\" class=\"wp-block-spacer\"><\/div>\n","protected":false},"excerpt":{"rendered":"","protected":false},"author":1,"featured_media":0,"parent":0,"menu_order":0,"comment_status":"closed","ping_status":"closed","template":"","meta":{"footnotes":""},"class_list":["post-2559","page","type-page","status-publish","hentry"],"_links":{"self":[{"href":"https:\/\/eventos.abcm.org.br\/mecsol2026\/wp-json\/wp\/v2\/pages\/2559","targetHints":{"allow":["GET"]}}],"collection":[{"href":"https:\/\/eventos.abcm.org.br\/mecsol2026\/wp-json\/wp\/v2\/pages"}],"about":[{"href":"https:\/\/eventos.abcm.org.br\/mecsol2026\/wp-json\/wp\/v2\/types\/page"}],"author":[{"embeddable":true,"href":"https:\/\/eventos.abcm.org.br\/mecsol2026\/wp-json\/wp\/v2\/users\/1"}],"replies":[{"embeddable":true,"href":"https:\/\/eventos.abcm.org.br\/mecsol2026\/wp-json\/wp\/v2\/comments?post=2559"}],"version-history":[{"count":5,"href":"https:\/\/eventos.abcm.org.br\/mecsol2026\/wp-json\/wp\/v2\/pages\/2559\/revisions"}],"predecessor-version":[{"id":2564,"href":"https:\/\/eventos.abcm.org.br\/mecsol2026\/wp-json\/wp\/v2\/pages\/2559\/revisions\/2564"}],"wp:attachment":[{"href":"https:\/\/eventos.abcm.org.br\/mecsol2026\/wp-json\/wp\/v2\/media?parent=2559"}],"curies":[{"name":"wp","href":"https:\/\/api.w.org\/{rel}","templated":true}]}}